{"id":139,"date":"2021-05-12T11:38:10","date_gmt":"2021-05-12T11:38:10","guid":{"rendered":"http:\/\/gbmaxtechnology.com.br\/index.php\/about-us\/"},"modified":"2022-04-22T23:23:48","modified_gmt":"2022-04-23T02:23:48","slug":"sobre-no","status":"publish","type":"page","link":"https:\/\/gbmaxtechnology.com.br\/index.php\/sobre-no\/","title":{"rendered":"Sobre n\u00f3s"},"content":{"rendered":"\n<div class=\"wp-block-cover alignfull has-parallax\" style=\"background-image:url(http:\/\/gbmaxtechnology.com.br\/wp-content\/uploads\/2021\/05\/hero-bg.jpg);min-height:549px\"><span aria-hidden=\"true\" class=\"has-ast-global-color-2-background-color has-background-dim-90 wp-block-cover__gradient-background has-background-dim\"><\/span><div class=\"wp-block-cover__inner-container\">\n<h1 class=\"has-white-color has-text-color\">Sobre n\u00f3s<\/h1>\n<\/div><\/div>\n\n\n\n<div class=\"wp-container-1 wp-block-group alignfull has-ast-global-color-0-background-color has-background\"><div class=\"wp-block-group__inner-container\">\n<div class=\"wp-block-media-text alignwide is-stacked-on-mobile is-vertically-aligned-center\" style=\"grid-template-columns:41% auto\"><figure class=\"wp-block-media-text__media\"><img loading=\"lazy\" width=\"600\" height=\"720\" src=\"http:\/\/gbmaxtechnology.com.br\/wp-content\/uploads\/2021\/05\/about.jpg\" alt=\"\" class=\"wp-image-47 size-full\" srcset=\"https:\/\/gbmaxtechnology.com.br\/wp-content\/uploads\/2021\/05\/about.jpg 600w, https:\/\/gbmaxtechnology.com.br\/wp-content\/uploads\/2021\/05\/about-250x300.jpg 250w\" sizes=\"(max-width: 600px) 100vw, 600px\" \/><\/figure><div class=\"wp-block-media-text__content\">\n<p><strong><strong>Somos um time com mais de 30 anos de experi\u00eancia em TI. Fornecemos consultoria, solu\u00e7\u00f5es personalizadas de sistemas, seguran\u00e7a cibern\u00e9tica, infraestrutura e muito mais.<\/strong><\/strong><\/p>\n\n\n\n<p>Se voc\u00ea procura o melhor servi\u00e7o de TI para sua empresa, est\u00e1 no lugar certo. desenvolvimento e suporte para te ajudar a expandir seus neg\u00f3cios.<\/p>\n\n\n\n<h3>Nossos principais valores<\/h3>\n\n\n\n<p>&#8211; Comprometido em entregar o melhor<br>&#8211; Servi\u00e7os honestos e transparentes<br>&#8211; Cuidamos do seu neg\u00f3cio como o nosso<br>&#8211; Continue aprendendo e se adaptando \u00e0s novas tecnologias<\/p>\n<\/div><\/div>\n<\/div><\/div>\n\n\n\n<div class=\"wp-container-2 wp-block-group alignfull has-ast-global-color-5-background-color has-background\"><div class=\"wp-block-group__inner-container\">\n<h2>Nossos especialistas<\/h2>\n\n\n\n<div class=\"wp-block-columns alignwide are-vertically-aligned-top\">\n<div class=\"wp-block-column is-vertically-aligned-top\">\n<p>Dapibus id interdum fusce sed odio massa tellus nibh consequat justo mauris, donec nec tempus iaculis pellente.<\/p>\n\n\n\n<figure class=\"wp-block-image size-large is-resized is-style-rounded\"><img loading=\"lazy\" src=\"http:\/\/gbmaxtechnology.com.br\/wp-content\/uploads\/2021\/05\/customer-3.jpg\" alt=\"\" class=\"wp-image-59\" width=\"50\" height=\"50\" srcset=\"https:\/\/gbmaxtechnology.com.br\/wp-content\/uploads\/2021\/05\/customer-3.jpg 200w, https:\/\/gbmaxtechnology.com.br\/wp-content\/uploads\/2021\/05\/customer-3-150x150.jpg 150w\" sizes=\"(max-width: 50px) 100vw, 50px\" \/><figcaption>Pricilia Doe<\/figcaption><\/figure>\n<\/div>\n\n\n\n<div class=\"wp-block-column is-vertically-aligned-top\">\n<p>Dapibus id interdum fusce sed odio massa tellus nibh consequat justo mauris, donec nec tempus iaculis pellente.<\/p>\n\n\n\n<figure class=\"wp-block-image size-large is-resized is-style-rounded\"><img loading=\"lazy\" src=\"http:\/\/gbmaxtechnology.com.br\/wp-content\/uploads\/2021\/05\/customer-1.jpg\" alt=\"\" class=\"wp-image-57\" width=\"50\" height=\"50\" srcset=\"https:\/\/gbmaxtechnology.com.br\/wp-content\/uploads\/2021\/05\/customer-1.jpg 200w, https:\/\/gbmaxtechnology.com.br\/wp-content\/uploads\/2021\/05\/customer-1-150x150.jpg 150w\" sizes=\"(max-width: 50px) 100vw, 50px\" \/><figcaption>Mark Hoffman<\/figcaption><\/figure>\n<\/div>\n<\/div>\n\n\n\n<div style=\"height:35px\" aria-hidden=\"true\" class=\"wp-block-spacer\"><\/div>\n\n\n\n<div class=\"wp-block-columns alignwide are-vertically-aligned-top\">\n<div class=\"wp-block-column is-vertically-aligned-top\">\n<p>Dapibus id interdum fusce sed odio massa tellus nibh consequat justo mauris, donec nec tempus iaculis pellente.<\/p>\n\n\n\n<figure class=\"wp-block-image size-large is-resized is-style-rounded\"><img loading=\"lazy\" src=\"http:\/\/gbmaxtechnology.com.br\/wp-content\/uploads\/2021\/06\/customer-4.jpg\" alt=\"\" class=\"wp-image-409\" width=\"50\" height=\"50\" srcset=\"https:\/\/gbmaxtechnology.com.br\/wp-content\/uploads\/2021\/06\/customer-4.jpg 200w, https:\/\/gbmaxtechnology.com.br\/wp-content\/uploads\/2021\/06\/customer-4-150x150.jpg 150w\" sizes=\"(max-width: 50px) 100vw, 50px\" \/><figcaption>Daniel johnson<\/figcaption><\/figure>\n<\/div>\n\n\n\n<div class=\"wp-block-column is-vertically-aligned-top\">\n<p>Dapibus id interdum fusce sed odio massa tellus nibh consequat justo mauris, donec nec tempus iaculis pellente.<\/p>\n\n\n\n<figure class=\"wp-block-image size-large is-resized is-style-rounded\"><img loading=\"lazy\" src=\"http:\/\/gbmaxtechnology.com.br\/wp-content\/uploads\/2021\/05\/customer-3.jpg\" alt=\"\" class=\"wp-image-59\" width=\"50\" height=\"50\" srcset=\"https:\/\/gbmaxtechnology.com.br\/wp-content\/uploads\/2021\/05\/customer-3.jpg 200w, https:\/\/gbmaxtechnology.com.br\/wp-content\/uploads\/2021\/05\/customer-3-150x150.jpg 150w\" sizes=\"(max-width: 50px) 100vw, 50px\" \/><figcaption>Pricilia Doe<\/figcaption><\/figure>\n<\/div>\n<\/div>\n<\/div><\/div>\n\n\n\n<div class=\"wp-container-5 wp-block-group alignfull has-ast-global-color-2-background-color has-background\"><div class=\"wp-block-group__inner-container\">\n<div class=\"wp-block-media-text alignwide has-media-on-the-right is-stacked-on-mobile has-ast-global-color-0-background-color has-background\" style=\"grid-template-columns:auto 66%\"><figure class=\"wp-block-media-text__media\"><img loading=\"lazy\" width=\"775\" height=\"547\" src=\"http:\/\/gbmaxtechnology.com.br\/wp-content\/uploads\/2021\/05\/cta-img.jpg\" alt=\"\" class=\"wp-image-69 size-full\" srcset=\"https:\/\/gbmaxtechnology.com.br\/wp-content\/uploads\/2021\/05\/cta-img.jpg 775w, https:\/\/gbmaxtechnology.com.br\/wp-content\/uploads\/2021\/05\/cta-img-300x212.jpg 300w, https:\/\/gbmaxtechnology.com.br\/wp-content\/uploads\/2021\/05\/cta-img-768x542.jpg 768w\" sizes=\"(max-width: 775px) 100vw, 775px\" \/><\/figure><div class=\"wp-block-media-text__content\">\n<div class=\"wp-container-4 wp-block-group\"><div class=\"wp-block-group__inner-container\">\n<h3>Tem algum projeto em mente?<\/h3>\n\n\n\n<p>Podemos ajud\u00e1-lo a dar vida \u00e0s suas ideias. Vamos falar sobre o que podemos construir e levantar juntos.<\/p>\n\n\n\n<div class=\"wp-container-3 wp-block-buttons\">\n<div class=\"wp-block-button is-style-outline\"><a class=\"wp-block-button__link\">Contate-nos!<\/a><\/div>\n<\/div>\n<\/div><\/div>\n<\/div><\/div>\n<\/div><\/div>\n","protected":false},"excerpt":{"rendered":"<p>Somos um time com mais de 30 anos de experi\u00eancia em TI. Fornecemos consultoria, solu\u00e7\u00f5es personalizadas de sistemas, seguran\u00e7a cibern\u00e9tica, infraestrutura e muito mais. Se voc\u00ea procura o melhor servi\u00e7o de TI para sua empresa, est\u00e1 no lugar certo. desenvolvimento e suporte para te ajudar a expandir seus neg\u00f3cios. Nossos principais valores &#8211; Comprometido em &hellip;<\/p>\n<p class=\"read-more\"> <a class=\"\" href=\"https:\/\/gbmaxtechnology.com.br\/index.php\/sobre-no\/\"> <span class=\"screen-reader-text\">Sobre n\u00f3s<\/span> Leia mais &raquo;<\/a><\/p>\n","protected":false},"author":1,"featured_media":0,"parent":0,"menu_order":0,"comment_status":"closed","ping_status":"closed","template":"","meta":{"om_disable_all_campaigns":false,"_monsterinsights_skip_tracking":false,"_monsterinsights_sitenote_active":false,"_monsterinsights_sitenote_note":"","_monsterinsights_sitenote_category":0,"site-sidebar-layout":"no-sidebar","site-content-layout":"plain-container","ast-main-header-display":"","ast-hfb-above-header-display":"","ast-hfb-below-header-display":"","ast-hfb-mobile-header-display":"","site-post-title":"disabled","ast-breadcrumbs-content":"","ast-featured-img":"disabled","footer-sml-layout":"","theme-transparent-header-meta":"enabled","adv-header-id-meta":"","stick-header-meta":"","header-above-stick-meta":"","header-main-stick-meta":"","header-below-stick-meta":""},"_links":{"self":[{"href":"https:\/\/gbmaxtechnology.com.br\/index.php\/wp-json\/wp\/v2\/pages\/139"}],"collection":[{"href":"https:\/\/gbmaxtechnology.com.br\/index.php\/wp-json\/wp\/v2\/pages"}],"about":[{"href":"https:\/\/gbmaxtechnology.com.br\/index.php\/wp-json\/wp\/v2\/types\/page"}],"author":[{"embeddable":true,"href":"https:\/\/gbmaxtechnology.com.br\/index.php\/wp-json\/wp\/v2\/users\/1"}],"replies":[{"embeddable":true,"href":"https:\/\/gbmaxtechnology.com.br\/index.php\/wp-json\/wp\/v2\/comments?post=139"}],"version-history":[{"count":4,"href":"https:\/\/gbmaxtechnology.com.br\/index.php\/wp-json\/wp\/v2\/pages\/139\/revisions"}],"predecessor-version":[{"id":1094,"href":"https:\/\/gbmaxtechnology.com.br\/index.php\/wp-json\/wp\/v2\/pages\/139\/revisions\/1094"}],"wp:attachment":[{"href":"https:\/\/gbmaxtechnology.com.br\/index.php\/wp-json\/wp\/v2\/media?parent=139"}],"curies":[{"name":"wp","href":"https:\/\/api.w.org\/{rel}","templated":true}]}}