{"id":135,"date":"2021-05-12T11:36:55","date_gmt":"2021-05-12T11:36:55","guid":{"rendered":"http:\/\/gbmaxtechnology.com.br\/index.php\/home\/"},"modified":"2022-04-24T21:20:10","modified_gmt":"2022-04-25T00:20:10","slug":"home","status":"publish","type":"page","link":"https:\/\/gbmaxtechnology.com.br\/","title":{"rendered":"In\u00edcio"},"content":{"rendered":"\n<div class=\"wp-block-cover alignfull has-parallax\" style=\"background-image:url(http:\/\/gbmaxtechnology.com.br\/wp-content\/uploads\/2021\/05\/hero-bg.jpg);min-height:966px\"><span aria-hidden=\"true\" class=\"has-ast-global-color-2-background-color has-background-dim-90 wp-block-cover__gradient-background has-background-dim\"><\/span><div class=\"wp-block-cover__inner-container\">\n<h1 class=\"has-text-align-left has-white-color has-text-color\">GB Max Technology<\/h1>\n\n\n\n<p>Se voc\u00ea procura uma consultoria que o ajude a prosperar tecnologicamente, voc\u00ea veio ao lugar certo. Podemos ajud\u00e1-lo a levar o seu neg\u00f3cio para o pr\u00f3ximo n\u00edvel.<\/p>\n\n\n\n<div class=\"wp-container-1 wp-block-buttons\">\n<div class=\"wp-block-button is-style-fill\"><a class=\"wp-block-button__link has-ast-global-color-3-color has-ast-global-color-5-background-color has-text-color has-background\" rel=\"#\">Encontre-nos agora!<\/a><\/div>\n<\/div>\n<\/div><\/div>\n\n\n\n<div class=\"wp-container-2 wp-block-group alignfull has-ast-global-color-5-background-color has-background\"><div class=\"wp-block-group__inner-container\">\n<h2>Contrate-nos<\/h2>\n\n\n\n<div class=\"wp-block-columns\">\n<div class=\"wp-block-column\">\n<h4>Desenvolvimento<\/h4>\n\n\n\n<p>Procurando solu\u00e7\u00f5es personalizadas para sua empresa? Nossa equipe desenvolver\u00e1 e fornecer\u00e1 um ERP que servir\u00e1 ao seu prop\u00f3sito.<\/p>\n<\/div>\n\n\n\n<div class=\"wp-block-column\">\n<h4>Consultoria<\/h4>\n\n\n\n<p>Analisamos suas necessidades e indicamos a melhor solu\u00e7\u00e3o que atenda a seus neg\u00f3cios, te apoiando em tomadas de decis\u00e3o para uma solu\u00e7\u00e3o estrat\u00e9gica.<\/p>\n<\/div>\n\n\n\n<div class=\"wp-block-column is-vertically-aligned-center\">\n<h4>Seguran\u00e7a da Informa\u00e7\u00e3o<\/h4>\n\n\n\n<p>Ajudamos voc\u00ea a tratar de forma segura e inteligente suas informa\u00e7\u00f5es, reduzindo riscos e aumentando chances de sucesso nos projetos estrat\u00e9gicos.<\/p>\n<\/div>\n<\/div>\n<\/div><\/div>\n\n\n\n<div class=\"wp-container-3 wp-block-group alignfull has-ast-global-color-0-background-color has-background\"><div class=\"wp-block-group__inner-container\">\n<div class=\"wp-block-media-text alignwide has-media-on-the-right is-stacked-on-mobile\" style=\"grid-template-columns:auto 40%\"><figure class=\"wp-block-media-text__media\"><img loading=\"lazy\" width=\"600\" height=\"720\" src=\"http:\/\/gbmaxtechnology.com.br\/wp-content\/uploads\/2021\/05\/about.jpg\" alt=\"\" class=\"wp-image-47 size-full\" srcset=\"https:\/\/gbmaxtechnology.com.br\/wp-content\/uploads\/2021\/05\/about.jpg 600w, https:\/\/gbmaxtechnology.com.br\/wp-content\/uploads\/2021\/05\/about-250x300.jpg 250w\" sizes=\"(max-width: 600px) 100vw, 600px\" \/><\/figure><div class=\"wp-block-media-text__content\">\n<h2>Sobre n\u00f3s<\/h2>\n\n\n\n<p>Somos um time com mais de 30 anos de experi\u00eancia em TI. Fornecemos consultoria, solu\u00e7\u00f5es personalizadas de sistemas, seguran\u00e7a cibern\u00e9tica, infraestrutura e muito mais.<\/p>\n\n\n\n<h4>Miss\u00e3o.<\/h4>\n\n\n\n<p>Nossa miss\u00e3o \u00e9 capacitar nossos clientes a usar a tecnologia em todo o seu potencial, fornecendo solu\u00e7\u00f5es eficazes e personalizadas.<\/p>\n\n\n\n<h4>Vis\u00e3o.<\/h4>\n\n\n\n<p>Nossa vis\u00e3o \u00e9 nos tornarmos l\u00edderes no fornecimento dos melhores e exclusivos servi\u00e7os de tecnologia para melhorar a produtividade e a for\u00e7a dos neg\u00f3cios de nossos clientes.<\/p>\n<\/div><\/div>\n<\/div><\/div>\n\n\n\n<div class=\"wp-container-4 wp-block-group alignfull has-ast-global-color-5-background-color has-background\"><div class=\"wp-block-group__inner-container\"><\/div><\/div>\n\n\n\n<div class=\"wp-container-5 wp-block-group alignfull has-ast-global-color-5-background-color has-background\"><div class=\"wp-block-group__inner-container\">\n<h2 class=\"has-text-align-left\">Por que nos escolher?<\/h2>\n\n\n\n<p><strong>Somos o termo certo para o seu neg\u00f3cio. Temos a experi\u00eancia e o conhecimento para oferecer consultoria e servi\u00e7os imparciais a um pre\u00e7o honesto.<\/strong><\/p>\n\n\n\n<p>Conosco voc\u00ea vai se sentir ouvido. Ouvimos os requisitos de nossos clientes e, em seguida, selecionamos a solu\u00e7\u00e3o certa que se encaixa. Cuidamos do seu neg\u00f3cio como se fosse nosso. Temos um interesse sincero por ele e queremos genuinamente ajudar sua empresa a atingir seu potencial.<\/p>\n<\/div><\/div>\n\n\n\n<div class=\"wp-container-8 wp-block-group alignfull has-ast-global-color-2-background-color has-background\"><div class=\"wp-block-group__inner-container\">\n<div class=\"wp-block-media-text alignwide has-media-on-the-right is-stacked-on-mobile has-ast-global-color-0-background-color has-background\" style=\"grid-template-columns:auto 66%\"><figure class=\"wp-block-media-text__media\"><img loading=\"lazy\" width=\"775\" height=\"547\" src=\"http:\/\/gbmaxtechnology.com.br\/wp-content\/uploads\/2021\/05\/cta-img.jpg\" alt=\"\" class=\"wp-image-69 size-full\" srcset=\"https:\/\/gbmaxtechnology.com.br\/wp-content\/uploads\/2021\/05\/cta-img.jpg 775w, https:\/\/gbmaxtechnology.com.br\/wp-content\/uploads\/2021\/05\/cta-img-300x212.jpg 300w, https:\/\/gbmaxtechnology.com.br\/wp-content\/uploads\/2021\/05\/cta-img-768x542.jpg 768w\" sizes=\"(max-width: 775px) 100vw, 775px\" \/><\/figure><div class=\"wp-block-media-text__content\">\n<div class=\"wp-container-7 wp-block-group\"><div class=\"wp-block-group__inner-container\">\n<h3>Tem algum projeto em mente?<\/h3>\n\n\n\n<p>Podemos ajud\u00e1-lo a dar vida \u00e0s suas ideias. Vamos falar sobre o que podemos construir e levantar juntos.<\/p>\n\n\n\n<div class=\"wp-container-6 wp-block-buttons\">\n<div class=\"wp-block-button is-style-outline\"><a class=\"wp-block-button__link\">Contate-nos!<\/a><\/div>\n<\/div>\n<\/div><\/div>\n<\/div><\/div>\n<\/div><\/div>\n\n\n\n<div class=\"wp-container-9 wp-block-group alignfull has-ast-global-color-2-background-color has-background\"><div class=\"wp-block-group__inner-container\">\n<div class=\"wp-block-columns are-vertically-aligned-center\">\n<div class=\"wp-block-column is-vertically-aligned-center\">\n<h2 class=\"has-white-color has-text-color\">Let us together build a flourishing business<\/h2>\n<\/div>\n\n\n\n<div class=\"wp-block-column is-vertically-aligned-center\">\n<p class=\"has-text-color\" style=\"color:#a4adb2\">When connected with us, you aren\u2019t growing your business alone. We have your back and put in our best to contribute to the growth of your entire team and organization. So, if you are looking for the right agency that\u2019ll help you build a good online presence and bring in more conversions and revenue, we are right here!<\/p>\n<\/div>\n<\/div>\n<\/div><\/div>\n\n\n\n<div class=\"wp-container-10 wp-block-group alignfull has-ast-global-color-5-background-color has-background\"><div class=\"wp-block-group__inner-container\">\n<div class=\"wp-block-columns\">\n<div class=\"wp-block-column\">\n<p><strong><strong>Your Trusted Partners<\/strong><\/strong><\/p>\n\n\n\n<h2>Highly Motivated Team with Innovative Ideas<\/h2>\n<\/div>\n\n\n\n<div class=\"wp-block-column is-vertically-aligned-center\">\n<p>We love what we do and therefore come up with the best possible solutions to help you set and grow online quickly. We are your trusted partners you can count on.<a href=\"http:\/\/gbmaxtechnology.com.br\/wp-content\/uploads\/2021\/05\/gallery-1.jpg\"><\/a><\/p>\n<\/div>\n<\/div>\n\n\n\n<div class=\"wp-block-columns\">\n<div class=\"wp-block-column\">\n<figure class=\"wp-block-image size-large\"><img loading=\"lazy\" width=\"758\" height=\"758\" src=\"http:\/\/gbmaxtechnology.com.br\/wp-content\/uploads\/2021\/05\/gallery-1.jpg\" alt=\"\" class=\"wp-image-75\" srcset=\"https:\/\/gbmaxtechnology.com.br\/wp-content\/uploads\/2021\/05\/gallery-1.jpg 758w, https:\/\/gbmaxtechnology.com.br\/wp-content\/uploads\/2021\/05\/gallery-1-300x300.jpg 300w, https:\/\/gbmaxtechnology.com.br\/wp-content\/uploads\/2021\/05\/gallery-1-150x150.jpg 150w\" sizes=\"(max-width: 758px) 100vw, 758px\" \/><\/figure>\n<\/div>\n\n\n\n<div class=\"wp-block-column\">\n<figure class=\"wp-block-image size-large\"><img loading=\"lazy\" width=\"758\" height=\"758\" src=\"http:\/\/gbmaxtechnology.com.br\/wp-content\/uploads\/2021\/05\/gallery-2.jpg\" alt=\"\" class=\"wp-image-76\" srcset=\"https:\/\/gbmaxtechnology.com.br\/wp-content\/uploads\/2021\/05\/gallery-2.jpg 758w, https:\/\/gbmaxtechnology.com.br\/wp-content\/uploads\/2021\/05\/gallery-2-300x300.jpg 300w, https:\/\/gbmaxtechnology.com.br\/wp-content\/uploads\/2021\/05\/gallery-2-150x150.jpg 150w\" sizes=\"(max-width: 758px) 100vw, 758px\" \/><\/figure>\n<\/div>\n\n\n\n<div class=\"wp-block-column\">\n<figure class=\"wp-block-image size-large\"><img loading=\"lazy\" width=\"758\" height=\"758\" src=\"http:\/\/gbmaxtechnology.com.br\/wp-content\/uploads\/2021\/05\/gallery-3.jpg\" alt=\"\" class=\"wp-image-77\" srcset=\"https:\/\/gbmaxtechnology.com.br\/wp-content\/uploads\/2021\/05\/gallery-3.jpg 758w, https:\/\/gbmaxtechnology.com.br\/wp-content\/uploads\/2021\/05\/gallery-3-300x300.jpg 300w, https:\/\/gbmaxtechnology.com.br\/wp-content\/uploads\/2021\/05\/gallery-3-150x150.jpg 150w\" sizes=\"(max-width: 758px) 100vw, 758px\" \/><\/figure>\n<\/div>\n<\/div>\n<\/div><\/div>\n\n\n\n<div class=\"wp-container-11 wp-block-group alignfull has-ast-global-color-0-background-color has-background\"><div class=\"wp-block-group__inner-container\">\n<div class=\"wp-block-columns\">\n<div class=\"wp-block-column is-vertically-aligned-center\" style=\"flex-basis:33.33%\">\n<h2>Subscribe<\/h2>\n<\/div>\n\n\n\n<div class=\"wp-block-column\" style=\"flex-basis:66.66%\">\n<\/div>\n<\/div>\n<\/div><\/div>\n","protected":false},"excerpt":{"rendered":"<p>Contrate-nos Desenvolvimento Procurando solu\u00e7\u00f5es personalizadas para sua empresa? Nossa equipe desenvolver\u00e1 e fornecer\u00e1 um ERP que servir\u00e1 ao seu prop\u00f3sito. Consultoria Analisamos suas necessidades e indicamos a melhor solu\u00e7\u00e3o que atenda a seus neg\u00f3cios, te apoiando em tomadas de decis\u00e3o para uma solu\u00e7\u00e3o estrat\u00e9gica. Seguran\u00e7a da Informa\u00e7\u00e3o Ajudamos voc\u00ea a tratar de forma segura e &hellip;<\/p>\n<p class=\"read-more\"> <a class=\"\" href=\"https:\/\/gbmaxtechnology.com.br\/\"> <span class=\"screen-reader-text\">In\u00edcio<\/span> Leia mais &raquo;<\/a><\/p>\n","protected":false},"author":1,"featured_media":0,"parent":0,"menu_order":0,"comment_status":"closed","ping_status":"closed","template":"","meta":{"om_disable_all_campaigns":false,"_monsterinsights_skip_tracking":false,"_monsterinsights_sitenote_active":false,"_monsterinsights_sitenote_note":"","_monsterinsights_sitenote_category":0,"site-sidebar-layout":"no-sidebar","site-content-layout":"plain-container","ast-main-header-display":"","ast-hfb-above-header-display":"","ast-hfb-below-header-display":"","ast-hfb-mobile-header-display":"","site-post-title":"disabled","ast-breadcrumbs-content":"","ast-featured-img":"disabled","footer-sml-layout":"","theme-transparent-header-meta":"enabled","adv-header-id-meta":"","stick-header-meta":"","header-above-stick-meta":"","header-main-stick-meta":"","header-below-stick-meta":""},"_links":{"self":[{"href":"https:\/\/gbmaxtechnology.com.br\/index.php\/wp-json\/wp\/v2\/pages\/135"}],"collection":[{"href":"https:\/\/gbmaxtechnology.com.br\/index.php\/wp-json\/wp\/v2\/pages"}],"about":[{"href":"https:\/\/gbmaxtechnology.com.br\/index.php\/wp-json\/wp\/v2\/types\/page"}],"author":[{"embeddable":true,"href":"https:\/\/gbmaxtechnology.com.br\/index.php\/wp-json\/wp\/v2\/users\/1"}],"replies":[{"embeddable":true,"href":"https:\/\/gbmaxtechnology.com.br\/index.php\/wp-json\/wp\/v2\/comments?post=135"}],"version-history":[{"count":9,"href":"https:\/\/gbmaxtechnology.com.br\/index.php\/wp-json\/wp\/v2\/pages\/135\/revisions"}],"predecessor-version":[{"id":1118,"href":"https:\/\/gbmaxtechnology.com.br\/index.php\/wp-json\/wp\/v2\/pages\/135\/revisions\/1118"}],"wp:attachment":[{"href":"https:\/\/gbmaxtechnology.com.br\/index.php\/wp-json\/wp\/v2\/media?parent=135"}],"curies":[{"name":"wp","href":"https:\/\/api.w.org\/{rel}","templated":true}]}}